{"id":1357,"date":"2016-11-02T11:57:24","date_gmt":"2016-11-02T10:57:24","guid":{"rendered":"http:\/\/futurumsailing2.cba.pl\/?page_id=1357"},"modified":"2020-10-15T21:58:32","modified_gmt":"2020-10-15T19:58:32","slug":"rejsy-na-zyczenie-2","status":"publish","type":"page","link":"https:\/\/futurum-sailing.pl\/?page_id=1357","title":{"rendered":"REJSY NA \u017bYCZENIE"},"content":{"rendered":"<h4 style=\"text-align: center;\"><span style=\"color: #0000ff;\">&#8222;Rejsy indywidualne na \u017cyczenie Klienta&#8221;<\/span><\/h4>\n\n\n<div class=\"wp-block-columns is-layout-flex wp-container-core-columns-is-layout-9d6595d7 wp-block-columns-is-layout-flex\">\n<div class=\"wp-block-column is-layout-flow wp-block-column-is-layout-flow\" style=\"flex-basis:33.33%\">\n<div class=\"wp-block-image\"><figure class=\"aligncenter size-large\"><img loading=\"lazy\" decoding=\"async\" width=\"1024\" height=\"768\" src=\"https:\/\/futurum-sailing.pl\/wp-content\/uploads\/2020\/04\/IMG_20191023_115324-k-1024x768.jpg\" alt=\"\" class=\"wp-image-2086\" srcset=\"https:\/\/futurum-sailing.pl\/wp-content\/uploads\/2020\/04\/IMG_20191023_115324-k-1024x768.jpg 1024w, https:\/\/futurum-sailing.pl\/wp-content\/uploads\/2020\/04\/IMG_20191023_115324-k-300x225.jpg 300w, https:\/\/futurum-sailing.pl\/wp-content\/uploads\/2020\/04\/IMG_20191023_115324-k-768x576.jpg 768w, https:\/\/futurum-sailing.pl\/wp-content\/uploads\/2020\/04\/IMG_20191023_115324-k-1536x1152.jpg 1536w, https:\/\/futurum-sailing.pl\/wp-content\/uploads\/2020\/04\/IMG_20191023_115324-k-2048x1536.jpg 2048w, https:\/\/futurum-sailing.pl\/wp-content\/uploads\/2020\/04\/IMG_20191023_115324-k-940x705.jpg 940w, https:\/\/futurum-sailing.pl\/wp-content\/uploads\/2020\/04\/IMG_20191023_115324-k-533x400.jpg 533w\" sizes=\"auto, (max-width: 1024px) 100vw, 1024px\" \/><\/figure><\/div>\n<\/div>\n\n\n\n<div class=\"wp-block-column is-layout-flow wp-block-column-is-layout-flow\" style=\"flex-basis:66.66%\">\n<p>Trasa:\u00a0<strong>wymarzona, po s\u0142onecznych, lazurowych akwenach :)<\/strong><br>Cena:\u00a0<strong>do uzgodnienia<\/strong><\/p>\n\n\n\n<p>Planujesz wsp\u00f3lne wakacje z rodzin\u0105, przyjaci\u00f3\u0142mi?<\/p>\n<\/div>\n<\/div>\n\n\n\n<div class=\"wp-block-columns is-layout-flex wp-container-core-columns-is-layout-9d6595d7 wp-block-columns-is-layout-flex\">\n<div class=\"wp-block-column is-layout-flow wp-block-column-is-layout-flow\" style=\"flex-basis:33.33%\">\n<figure class=\"wp-block-image size-large\"><img loading=\"lazy\" decoding=\"async\" width=\"1000\" height=\"667\" src=\"https:\/\/futurum-sailing.pl\/wp-content\/uploads\/2020\/10\/IMG_1367.jpg\" alt=\"\" class=\"wp-image-2191\" srcset=\"https:\/\/futurum-sailing.pl\/wp-content\/uploads\/2020\/10\/IMG_1367.jpg 1000w, https:\/\/futurum-sailing.pl\/wp-content\/uploads\/2020\/10\/IMG_1367-300x200.jpg 300w, https:\/\/futurum-sailing.pl\/wp-content\/uploads\/2020\/10\/IMG_1367-768x512.jpg 768w, https:\/\/futurum-sailing.pl\/wp-content\/uploads\/2020\/10\/IMG_1367-940x627.jpg 940w, https:\/\/futurum-sailing.pl\/wp-content\/uploads\/2020\/10\/IMG_1367-600x400.jpg 600w\" sizes=\"auto, (max-width: 1000px) 100vw, 1000px\" \/><\/figure>\n<\/div>\n\n\n\n<div class=\"wp-block-column is-layout-flow wp-block-column-is-layout-flow\" style=\"flex-basis:66.66%\">\n<p>Chcia\u0142by\u015b zorganizowa\u0107 wyjazd integracyjny dla firmy?<\/p>\n\n\n\n<p>Interesuje Ciebie wypoczynek pod \u017caglami po\u0142\u0105czony z niesamowitymi wyzwaniami na morzu?<\/p>\n<\/div>\n<\/div>\n\n\n\n<div class=\"wp-block-columns is-layout-flex wp-container-core-columns-is-layout-9d6595d7 wp-block-columns-is-layout-flex\">\n<div class=\"wp-block-column is-layout-flow wp-block-column-is-layout-flow\" style=\"flex-basis:33.33%\">\n<figure class=\"wp-block-image size-large\"><img loading=\"lazy\" decoding=\"async\" width=\"1024\" height=\"768\" src=\"https:\/\/futurum-sailing.pl\/wp-content\/uploads\/2020\/10\/IMG_20180606_131051-1024x768.jpg\" alt=\"\" class=\"wp-image-2192\" srcset=\"https:\/\/futurum-sailing.pl\/wp-content\/uploads\/2020\/10\/IMG_20180606_131051-1024x768.jpg 1024w, https:\/\/futurum-sailing.pl\/wp-content\/uploads\/2020\/10\/IMG_20180606_131051-300x225.jpg 300w, https:\/\/futurum-sailing.pl\/wp-content\/uploads\/2020\/10\/IMG_20180606_131051-768x576.jpg 768w, https:\/\/futurum-sailing.pl\/wp-content\/uploads\/2020\/10\/IMG_20180606_131051-1536x1152.jpg 1536w, https:\/\/futurum-sailing.pl\/wp-content\/uploads\/2020\/10\/IMG_20180606_131051-2048x1536.jpg 2048w, https:\/\/futurum-sailing.pl\/wp-content\/uploads\/2020\/10\/IMG_20180606_131051-940x705.jpg 940w, https:\/\/futurum-sailing.pl\/wp-content\/uploads\/2020\/10\/IMG_20180606_131051-533x400.jpg 533w\" sizes=\"auto, (max-width: 1024px) 100vw, 1024px\" \/><\/figure>\n<\/div>\n\n\n\n<div class=\"wp-block-column is-layout-flow wp-block-column-is-layout-flow\" style=\"flex-basis:66.66%\">\n<p>Je\u017celi tak, to bardzo dobrze trafi\u0142e\u015b.<\/p>\n\n\n\n<p><em><strong>Zaplanuj\u0119 dla Ciebie rejs!!! :)<\/strong><\/em><\/p>\n<\/div>\n<\/div>\n\n\n\n<div class=\"wp-block-columns is-layout-flex wp-container-core-columns-is-layout-9d6595d7 wp-block-columns-is-layout-flex\">\n<div class=\"wp-block-column is-layout-flow wp-block-column-is-layout-flow\" style=\"flex-basis:33.33%\">\n<figure class=\"wp-block-image size-large\"><img loading=\"lazy\" decoding=\"async\" width=\"1024\" height=\"683\" src=\"https:\/\/futurum-sailing.pl\/wp-content\/uploads\/2020\/10\/IMG_2710-1024x683.jpg\" alt=\"\" class=\"wp-image-2196\" srcset=\"https:\/\/futurum-sailing.pl\/wp-content\/uploads\/2020\/10\/IMG_2710-1024x683.jpg 1024w, https:\/\/futurum-sailing.pl\/wp-content\/uploads\/2020\/10\/IMG_2710-300x200.jpg 300w, https:\/\/futurum-sailing.pl\/wp-content\/uploads\/2020\/10\/IMG_2710-768x512.jpg 768w, https:\/\/futurum-sailing.pl\/wp-content\/uploads\/2020\/10\/IMG_2710-1536x1024.jpg 1536w, https:\/\/futurum-sailing.pl\/wp-content\/uploads\/2020\/10\/IMG_2710-2048x1365.jpg 2048w, https:\/\/futurum-sailing.pl\/wp-content\/uploads\/2020\/10\/IMG_2710-940x627.jpg 940w, https:\/\/futurum-sailing.pl\/wp-content\/uploads\/2020\/10\/IMG_2710-600x400.jpg 600w\" sizes=\"auto, (max-width: 1024px) 100vw, 1024px\" \/><\/figure>\n<\/div>\n\n\n\n<div class=\"wp-block-column is-layout-flow wp-block-column-is-layout-flow\" style=\"flex-basis:66.66%\">\n<p>Pomys\u0142\u00f3w jest kilka od s\u0142onecznej <strong>Grecji<\/strong> i <strong>Chorwacji<\/strong> przez przepi\u0119kn\u0105 <strong>Sardyni\u0119, Sycyli\u0119, Baleary i Kanary<\/strong>.<br>Jednym zdaniem: doradz\u0119, zorganizuj\u0119 i poprowadz\u0119 dla Ciebie rejs po s\u0142onecznym, lazurowym morzu.<\/p>\n<\/div>\n<\/div>\n\n\n\n<div class=\"wp-block-columns is-layout-flex wp-container-core-columns-is-layout-9d6595d7 wp-block-columns-is-layout-flex\">\n<div class=\"wp-block-column is-layout-flow wp-block-column-is-layout-flow\" style=\"flex-basis:33.33%\">\n<figure class=\"wp-block-image size-large\"><img loading=\"lazy\" decoding=\"async\" width=\"1024\" height=\"768\" src=\"https:\/\/futurum-sailing.pl\/wp-content\/uploads\/2020\/10\/IMG_20180613_203225-1024x768.jpg\" alt=\"\" class=\"wp-image-2194\" srcset=\"https:\/\/futurum-sailing.pl\/wp-content\/uploads\/2020\/10\/IMG_20180613_203225-1024x768.jpg 1024w, https:\/\/futurum-sailing.pl\/wp-content\/uploads\/2020\/10\/IMG_20180613_203225-300x225.jpg 300w, https:\/\/futurum-sailing.pl\/wp-content\/uploads\/2020\/10\/IMG_20180613_203225-768x576.jpg 768w, https:\/\/futurum-sailing.pl\/wp-content\/uploads\/2020\/10\/IMG_20180613_203225-1536x1152.jpg 1536w, https:\/\/futurum-sailing.pl\/wp-content\/uploads\/2020\/10\/IMG_20180613_203225-2048x1536.jpg 2048w, https:\/\/futurum-sailing.pl\/wp-content\/uploads\/2020\/10\/IMG_20180613_203225-940x705.jpg 940w, https:\/\/futurum-sailing.pl\/wp-content\/uploads\/2020\/10\/IMG_20180613_203225-533x400.jpg 533w\" sizes=\"auto, (max-width: 1024px) 100vw, 1024px\" \/><\/figure>\n<\/div>\n\n\n\n<div class=\"wp-block-column is-layout-flow wp-block-column-is-layout-flow\" style=\"flex-basis:66.66%\">\n<p>A gdyby interesowa\u0142o Ciebie \u017ceglowanie po zimniejszych akwenach, to \u015bmia\u0142o mo\u017cesz si\u0119 ze mn\u0105 skontaktowa\u0107.<\/p>\n\n\n\n<p><\/p>\n<\/div>\n<\/div>\n\n\n\n<p class=\"has-text-align-center\"><strong>Zastanawiasz si\u0119 co dalej? Napisz lub zadzwo\u0144 do mnie i wszystko si\u0119 wyja\u015bni.<\/strong><\/p>\n\n\n\n<p class=\"has-text-align-center\"><em><strong>aleksandra@futurum-sailing.pl<br>+48 695 95 95 69<\/strong><\/em><\/p>\n\n\n\n<p><a href=\"https:\/\/futurum-sailing.pl\/?page_id=19\">Powr\u00f3t do strony Rejsy<\/a><\/p>\n","protected":false},"excerpt":{"rendered":"<p>&#8222;Rejsy indywidualne na \u017cyczenie Klienta&#8221; Trasa:\u00a0wymarzona, po s\u0142onecznych, lazurowych akwenach :)Cena:\u00a0do uzgodnienia Planujesz wsp\u00f3lne wakacje z rodzin\u0105, przyjaci\u00f3\u0142mi? Chcia\u0142by\u015b zorganizowa\u0107 wyjazd integracyjny dla firmy? Interesuje Ciebie wypoczynek pod \u017caglami po\u0142\u0105czony z niesamowitymi wyzwaniami na morzu?&hellip; <a href=\"https:\/\/futurum-sailing.pl\/?page_id=1357\">More<\/a><\/p>\n","protected":false},"author":2,"featured_media":0,"parent":0,"menu_order":0,"comment_status":"closed","ping_status":"closed","template":"","meta":{"footnotes":""},"class_list":["post-1357","page","type-page","status-publish","hentry"],"_links":{"self":[{"href":"https:\/\/futurum-sailing.pl\/index.php?rest_route=\/wp\/v2\/pages\/1357","targetHints":{"allow":["GET"]}}],"collection":[{"href":"https:\/\/futurum-sailing.pl\/index.php?rest_route=\/wp\/v2\/pages"}],"about":[{"href":"https:\/\/futurum-sailing.pl\/index.php?rest_route=\/wp\/v2\/types\/page"}],"author":[{"embeddable":true,"href":"https:\/\/futurum-sailing.pl\/index.php?rest_route=\/wp\/v2\/users\/2"}],"replies":[{"embeddable":true,"href":"https:\/\/futurum-sailing.pl\/index.php?rest_route=%2Fwp%2Fv2%2Fcomments&post=1357"}],"version-history":[{"count":17,"href":"https:\/\/futurum-sailing.pl\/index.php?rest_route=\/wp\/v2\/pages\/1357\/revisions"}],"predecessor-version":[{"id":2207,"href":"https:\/\/futurum-sailing.pl\/index.php?rest_route=\/wp\/v2\/pages\/1357\/revisions\/2207"}],"wp:attachment":[{"href":"https:\/\/futurum-sailing.pl\/index.php?rest_route=%2Fwp%2Fv2%2Fmedia&parent=1357"}],"curies":[{"name":"wp","href":"https:\/\/api.w.org\/{rel}","templated":true}]}}