{"id":1359,"date":"2016-11-02T11:57:56","date_gmt":"2016-11-02T10:57:56","guid":{"rendered":"http:\/\/futurumsailing2.cba.pl\/?page_id=1359"},"modified":"2022-01-20T15:15:17","modified_gmt":"2022-01-20T14:15:17","slug":"skipper-do-wynajecia","status":"publish","type":"page","link":"https:\/\/futurum-sailing.pl\/?page_id=1359","title":{"rendered":"SKIPPER DO WYNAJ\u0118CIA &#8211; PRZEPROWADZANIE JACHT\u00d3W"},"content":{"rendered":"<h2><strong>Poszukujesz skippera<\/strong> na rejs?<\/h2>\n<h2>Chcia\u0142by\u015b zaplanowa\u0107 wypoczynek z przyjaci\u00f3\u0142mi lub rodzin\u0105, a nie masz uprawnie\u0144 do prowadzenia jachtu?<\/h2>\n<h2>Potrzebujesz <strong>przeprowadzi\u0107 sw\u00f3j jacht<\/strong>, a nie masz na to czasu i szukasz osoby, kt\u00f3ra zrobi to za Ciebie?<\/h2>\n<p><img loading=\"lazy\" decoding=\"async\" class=\"aligncenter size-medium wp-image-1917\" src=\"https:\/\/futurum-sailing.pl\/wp-content\/uploads\/2020\/03\/IMG_20190917_125123-300x225.jpg\" alt=\"\" width=\"300\" height=\"225\" srcset=\"https:\/\/futurum-sailing.pl\/wp-content\/uploads\/2020\/03\/IMG_20190917_125123-300x225.jpg 300w, https:\/\/futurum-sailing.pl\/wp-content\/uploads\/2020\/03\/IMG_20190917_125123-768x576.jpg 768w, https:\/\/futurum-sailing.pl\/wp-content\/uploads\/2020\/03\/IMG_20190917_125123.jpg 1000w\" sizes=\"auto, (max-width: 300px) 100vw, 300px\" \/><\/p>\n<h2>Dobrze trafi\u0142e\u015b, zajmuj\u0119 si\u0119, m.in.:<\/h2>\n<ol>\n<li>\n<h3><strong>Deliverk\u0105<\/strong> &#8211; przeprowadzaniem jacht\u00f3w.<\/h3>\n<\/li>\n<li>\n<h3><strong>Organizacj\u0105 rejs\u00f3w,<\/strong> r\u00f3wnie\u017c tych na \u017cyczenie Klienta (m.in. imprez integracyjnych).<\/h3>\n<\/li>\n<li>\n<h3><strong>Organizacj\u0105 szkole\u0144 morskich<\/strong> na \u017cyczenie Klienta.<\/h3>\n<\/li>\n<\/ol>\n<h4><\/h4>\n<p><strong>MOJE DO\u015aWIADCZENIE W LICZBACH:<\/strong><\/p>\n<ol>\n<li>Patent \u201ekapitana jachtowego\u201d od \u2013\u00a0<strong>2011 r<\/strong>.<\/li>\n<li>Patent \u201ekapitana motorowodnego\u201d od \u2013\u00a0<strong>2012 r.<\/strong><\/li>\n<li>Ca\u0142kowity sta\u017c morski (ilo\u015b\u0107 godzin &#8211; stan na rok 2016) \u2013\u00a0<strong>ponad 8 tys. h*<\/strong><\/li>\n<li>Ca\u0142kowity sta\u017c morski jako skipper (ilo\u015b\u0107 godzin &#8211; stan na rok 2016) &#8211;<strong>\u00a0ponad 5 tys. h*<\/strong><\/li>\n<li>Do\u015bwiadczenie w prowadzeniu jacht\u00f3w (d\u0142ugo\u015b\u0107 jednostki) &#8211;<strong>\u00a0do 44 m.<\/strong><\/li>\n<li>Najwi\u0119ksza jednostka pod moim dowodzeniem \u2013\u00a0<strong>\u017caglowiec Zawisza Czarny.<\/strong><\/li>\n<li>Znajomo\u015b\u0107 akwen\u00f3w i region\u00f3w:\u00a0<strong>Morze Ba\u0142tyckie (w\u0142\u0105cznie z Zatok\u0105 Botnick\u0105 i Zatok\u0105 Fi\u0144ska a\u017c do St. Petersburga), Morze P\u00f3\u0142nocne, Morze Norweskie, Niemcy, Francja, Portugalia, Hiszpania (zar\u00f3wno ta kontynentalna jak r\u00f3wnie\u017c otoczona z ka\u017cdej strony morzem: Baleary, Kanary), W\u0142ochy, Sardynia, Sycylia, Grecja,\u00a0Adriatyk chorwacki.<\/strong><\/li>\n<\/ol>\n<p>Prowadz\u0119 jednostki te mniejsze jak r\u00f3wnie\u017c ciut wi\u0119ksze. Jestem pierwsz\u0105 kobiet\u0105, kapitanem, kt\u00f3ra prowadzi \u017caglowiec\u00a0<strong><em>Zawisza Czarny<\/em><\/strong>.<\/p>\n<p>Zafascynowana jestem \u017ceglug\u0105 solo. Mam za sob\u0105 start w samotnych d\u0142ugodystansowych regatach\u00a0<strong><em>\u201eBitwa o Gotland\u201d\u00a0<\/em><\/strong>w latach 2015, 2016, 2017, 2018, 2019, 2021.<\/p>\n<p style=\"text-align: center;\"><img loading=\"lazy\" decoding=\"async\" class=\"aligncenter size-medium wp-image-1651\" src=\"https:\/\/futurum-sailing.pl\/wp-content\/uploads\/2014\/02\/1-281x300.jpg\" alt=\"\" width=\"281\" height=\"300\" srcset=\"https:\/\/futurum-sailing.pl\/wp-content\/uploads\/2014\/02\/1-281x300.jpg 281w, https:\/\/futurum-sailing.pl\/wp-content\/uploads\/2014\/02\/1-959x1024.jpg 959w, https:\/\/futurum-sailing.pl\/wp-content\/uploads\/2014\/02\/1.jpg 1424w\" sizes=\"auto, (max-width: 281px) 100vw, 281px\" \/><\/p>\n<p style=\"text-align: center;\"><em>Jestem kapitanem, szkoleniowcem, kt\u00f3ry nie boi si\u0119 \u017cadnego wyzwania.<\/em><\/p>\n<p><em>*\u00a0 Ka\u017cdego roku sp\u0119dzam minimum 6 miesi\u0119cy na morzu.<br \/>\nOrganizuj\u0105c rejsy zar\u00f3wno turystyczne jak i sta\u017cowe. Na jachtach mniejszych i wi\u0119kszych, czarterowych i prywatnych.<br \/>\nTym samym sta\u017c m\u00f3j w prowadzeniu rejs\u00f3w jest co roku wi\u0119kszy i liczba mil morskich,<br \/>\ni godzin morskich r\u00f3wnie\u017c si\u0119 powi\u0119ksza.<br \/>\nDlatego te\u017c podane wy\u017cej godziny i mile morskie nie s\u0105\u00a0 aktualizowane od roku 2016 :).<br \/>\nJednak z ca\u0142\u0105 \u015bwiadomo\u015bci\u0105 i pewno\u015bci\u0105 mog\u0119 przyzna\u0107, \u017ce co roku przemierzam ponad 2 tys. Nm<br \/>\ni sp\u0119dzam na morzu minimum 6 miesi\u0119cy \u2013 co daje ka\u017cdego roku bardzo du\u017co godzin na morzu :).<\/em><\/p>\n","protected":false},"excerpt":{"rendered":"<p>Poszukujesz skippera na rejs? Chcia\u0142by\u015b zaplanowa\u0107 wypoczynek z przyjaci\u00f3\u0142mi lub rodzin\u0105, a nie masz uprawnie\u0144 do prowadzenia jachtu? Potrzebujesz przeprowadzi\u0107 sw\u00f3j jacht, a nie masz na to czasu i szukasz osoby, kt\u00f3ra zrobi to za&hellip; <a href=\"https:\/\/futurum-sailing.pl\/?page_id=1359\">More<\/a><\/p>\n","protected":false},"author":2,"featured_media":0,"parent":0,"menu_order":0,"comment_status":"closed","ping_status":"closed","template":"","meta":{"footnotes":""},"class_list":["post-1359","page","type-page","status-publish","hentry"],"_links":{"self":[{"href":"https:\/\/futurum-sailing.pl\/index.php?rest_route=\/wp\/v2\/pages\/1359","targetHints":{"allow":["GET"]}}],"collection":[{"href":"https:\/\/futurum-sailing.pl\/index.php?rest_route=\/wp\/v2\/pages"}],"about":[{"href":"https:\/\/futurum-sailing.pl\/index.php?rest_route=\/wp\/v2\/types\/page"}],"author":[{"embeddable":true,"href":"https:\/\/futurum-sailing.pl\/index.php?rest_route=\/wp\/v2\/users\/2"}],"replies":[{"embeddable":true,"href":"https:\/\/futurum-sailing.pl\/index.php?rest_route=%2Fwp%2Fv2%2Fcomments&post=1359"}],"version-history":[{"count":14,"href":"https:\/\/futurum-sailing.pl\/index.php?rest_route=\/wp\/v2\/pages\/1359\/revisions"}],"predecessor-version":[{"id":2893,"href":"https:\/\/futurum-sailing.pl\/index.php?rest_route=\/wp\/v2\/pages\/1359\/revisions\/2893"}],"wp:attachment":[{"href":"https:\/\/futurum-sailing.pl\/index.php?rest_route=%2Fwp%2Fv2%2Fmedia&parent=1359"}],"curies":[{"name":"wp","href":"https:\/\/api.w.org\/{rel}","templated":true}]}}