{"id":1952,"date":"2020-04-05T14:08:23","date_gmt":"2020-04-05T12:08:23","guid":{"rendered":"http:\/\/futurum-sailing.pl\/?page_id=1952"},"modified":"2020-04-10T09:24:17","modified_gmt":"2020-04-10T07:24:17","slug":"logbook","status":"publish","type":"page","link":"https:\/\/futurum-sailing.pl\/?page_id=1952","title":{"rendered":"LOGBOOK"},"content":{"rendered":"\n<p class=\"has-text-align-center\"><span class=\"has-inline-color has-vivid-red-color\"><strong>2019<\/strong><\/span><\/p>\n\n\n\n<div class=\"wp-block-columns is-layout-flex wp-container-core-columns-is-layout-9d6595d7 wp-block-columns-is-layout-flex\">\n<div class=\"wp-block-column is-layout-flow wp-block-column-is-layout-flow\">\n<div class=\"wp-block-image\"><figure class=\"alignright size-large is-resized\"><img loading=\"lazy\" decoding=\"async\" src=\"https:\/\/futurum-sailing.pl\/wp-content\/uploads\/2020\/04\/2019_BoG.jpg\" alt=\"\" class=\"wp-image-1976\" width=\"169\" height=\"126\" srcset=\"https:\/\/futurum-sailing.pl\/wp-content\/uploads\/2020\/04\/2019_BoG.jpg 1000w, https:\/\/futurum-sailing.pl\/wp-content\/uploads\/2020\/04\/2019_BoG-300x225.jpg 300w, https:\/\/futurum-sailing.pl\/wp-content\/uploads\/2020\/04\/2019_BoG-768x576.jpg 768w, https:\/\/futurum-sailing.pl\/wp-content\/uploads\/2020\/04\/2019_BoG-940x705.jpg 940w, https:\/\/futurum-sailing.pl\/wp-content\/uploads\/2020\/04\/2019_BoG-533x400.jpg 533w\" sizes=\"auto, (max-width: 169px) 100vw, 169px\" \/><\/figure><\/div>\n<\/div>\n\n\n\n<div class=\"wp-block-column is-layout-flow wp-block-column-is-layout-flow\">\n<p><a href=\"https:\/\/futurum-sailing.pl\/?page_id=1907\">Moja Bitwa o Gotland 2019 \u2013 czyli szybka i dynamiczna \u017cegluga z wiatrem na 5 plus.<\/a><\/p>\n<\/div>\n<\/div>\n\n\n\n<div class=\"wp-block-columns is-layout-flex wp-container-core-columns-is-layout-9d6595d7 wp-block-columns-is-layout-flex\">\n<div class=\"wp-block-column is-layout-flow wp-block-column-is-layout-flow\"><\/div>\n\n\n\n<div class=\"wp-block-column is-layout-flow wp-block-column-is-layout-flow\"><\/div>\n<\/div>\n\n\n\n<h5 class=\"has-text-align-center wp-block-heading\"><span class=\"has-inline-color has-vivid-red-color\">2018<\/span><\/h5>\n\n\n\n<div class=\"wp-block-columns is-layout-flex wp-container-core-columns-is-layout-9d6595d7 wp-block-columns-is-layout-flex\">\n<div class=\"wp-block-column is-layout-flow wp-block-column-is-layout-flow\">\n<div class=\"wp-block-image\"><figure class=\"alignright size-large is-resized\"><img loading=\"lazy\" decoding=\"async\" src=\"https:\/\/futurum-sailing.pl\/wp-content\/uploads\/2020\/04\/2018_BoG-1-1024x768.jpg\" alt=\"\" class=\"wp-image-1978\" width=\"170\" height=\"127\" srcset=\"https:\/\/futurum-sailing.pl\/wp-content\/uploads\/2020\/04\/2018_BoG-1-1024x768.jpg 1024w, https:\/\/futurum-sailing.pl\/wp-content\/uploads\/2020\/04\/2018_BoG-1-300x225.jpg 300w, https:\/\/futurum-sailing.pl\/wp-content\/uploads\/2020\/04\/2018_BoG-1-768x576.jpg 768w, https:\/\/futurum-sailing.pl\/wp-content\/uploads\/2020\/04\/2018_BoG-1-1536x1152.jpg 1536w, https:\/\/futurum-sailing.pl\/wp-content\/uploads\/2020\/04\/2018_BoG-1-2048x1536.jpg 2048w, https:\/\/futurum-sailing.pl\/wp-content\/uploads\/2020\/04\/2018_BoG-1-940x705.jpg 940w, https:\/\/futurum-sailing.pl\/wp-content\/uploads\/2020\/04\/2018_BoG-1-533x400.jpg 533w\" sizes=\"auto, (max-width: 170px) 100vw, 170px\" \/><\/figure><\/div>\n<\/div>\n\n\n\n<div class=\"wp-block-column is-layout-flow wp-block-column-is-layout-flow\">\n<p><a href=\"https:\/\/futurum-sailing.pl\/?page_id=1830\">Bitwa o Gotland 2018 &#8211; Wa\u017cna jest droga, nie sam cel.<\/a><\/p>\n<\/div>\n<\/div>\n\n\n\n<div class=\"wp-block-columns is-layout-flex wp-container-core-columns-is-layout-9d6595d7 wp-block-columns-is-layout-flex\">\n<div class=\"wp-block-column is-layout-flow wp-block-column-is-layout-flow\">\n<div class=\"wp-block-image\"><figure class=\"alignright size-large is-resized\"><img loading=\"lazy\" decoding=\"async\" src=\"https:\/\/futurum-sailing.pl\/wp-content\/uploads\/2020\/04\/2014_Z-pamietnika.jpg\" alt=\"\" class=\"wp-image-1979\" width=\"179\" height=\"119\" srcset=\"https:\/\/futurum-sailing.pl\/wp-content\/uploads\/2020\/04\/2014_Z-pamietnika.jpg 800w, https:\/\/futurum-sailing.pl\/wp-content\/uploads\/2020\/04\/2014_Z-pamietnika-300x200.jpg 300w, https:\/\/futurum-sailing.pl\/wp-content\/uploads\/2020\/04\/2014_Z-pamietnika-768x512.jpg 768w, https:\/\/futurum-sailing.pl\/wp-content\/uploads\/2020\/04\/2014_Z-pamietnika-600x400.jpg 600w\" sizes=\"auto, (max-width: 179px) 100vw, 179px\" \/><\/figure><\/div>\n<\/div>\n\n\n\n<div class=\"wp-block-column is-layout-flow wp-block-column-is-layout-flow\">\n<p><a href=\"https:\/\/futurum-sailing.pl\/?page_id=1773\">Z pami\u0119tnika Pani Kapitan 2018\u2026 &#8222;Cisza i spok\u00f3j\u2026&#8221;<\/a><\/p>\n<\/div>\n<\/div>\n\n\n\n<p class=\"has-text-align-center\"><strong><span class=\"has-inline-color has-vivid-red-color\">2016<\/span><\/strong><\/p>\n\n\n\n<div class=\"wp-block-columns is-layout-flex wp-container-core-columns-is-layout-9d6595d7 wp-block-columns-is-layout-flex\">\n<div class=\"wp-block-column is-layout-flow wp-block-column-is-layout-flow\">\n<div class=\"wp-block-image\"><figure class=\"alignright size-large is-resized\"><img loading=\"lazy\" decoding=\"async\" src=\"https:\/\/futurum-sailing.pl\/wp-content\/uploads\/2020\/04\/2016_BoG-1024x683.jpg\" alt=\"\" class=\"wp-image-1980\" width=\"183\" height=\"121\" srcset=\"https:\/\/futurum-sailing.pl\/wp-content\/uploads\/2020\/04\/2016_BoG-1024x683.jpg 1024w, https:\/\/futurum-sailing.pl\/wp-content\/uploads\/2020\/04\/2016_BoG-300x200.jpg 300w, https:\/\/futurum-sailing.pl\/wp-content\/uploads\/2020\/04\/2016_BoG-768x512.jpg 768w, https:\/\/futurum-sailing.pl\/wp-content\/uploads\/2020\/04\/2016_BoG-1536x1024.jpg 1536w, https:\/\/futurum-sailing.pl\/wp-content\/uploads\/2020\/04\/2016_BoG-2048x1365.jpg 2048w, https:\/\/futurum-sailing.pl\/wp-content\/uploads\/2020\/04\/2016_BoG-940x627.jpg 940w, https:\/\/futurum-sailing.pl\/wp-content\/uploads\/2020\/04\/2016_BoG-600x400.jpg 600w\" sizes=\"auto, (max-width: 183px) 100vw, 183px\" \/><\/figure><\/div>\n<\/div>\n\n\n\n<div class=\"wp-block-column is-layout-flow wp-block-column-is-layout-flow\">\n<p><a href=\"https:\/\/futurum-sailing.pl\/?page_id=1455\">Bitwa o Gotland 2016 &#8211; Moja w\u0142asna Bitwa\u2026<\/a><\/p>\n<\/div>\n<\/div>\n\n\n\n<div class=\"wp-block-columns is-layout-flex wp-container-core-columns-is-layout-9d6595d7 wp-block-columns-is-layout-flex\">\n<div class=\"wp-block-column is-layout-flow wp-block-column-is-layout-flow\">\n<div class=\"wp-block-image\"><figure class=\"alignright size-large is-resized\"><img loading=\"lazy\" decoding=\"async\" src=\"https:\/\/futurum-sailing.pl\/wp-content\/uploads\/2020\/04\/2016_Choroba_morska.jpg\" alt=\"\" class=\"wp-image-1981\" width=\"179\" height=\"159\"\/><\/figure><\/div>\n<\/div>\n\n\n\n<div class=\"wp-block-column is-layout-flow wp-block-column-is-layout-flow\">\n<p><a href=\"https:\/\/futurum-sailing.pl\/?page_id=977\">Choroba morska, czyli s\u0142\u00f3w kilka o tej morskiej przypad\u0142o\u015bci.<\/a><\/p>\n<\/div>\n<\/div>\n\n\n\n<p class=\"has-text-align-center\"><strong><span class=\"has-inline-color has-vivid-red-color\">2014<\/span><\/strong><\/p>\n\n\n\n<div class=\"wp-block-columns is-layout-flex wp-container-core-columns-is-layout-9d6595d7 wp-block-columns-is-layout-flex\">\n<div class=\"wp-block-column is-layout-flow wp-block-column-is-layout-flow\">\n<div class=\"wp-block-image\"><figure class=\"alignright size-large is-resized\"><img loading=\"lazy\" decoding=\"async\" src=\"https:\/\/futurum-sailing.pl\/wp-content\/uploads\/2020\/04\/2015_Historia_Misia.jpg\" alt=\"\" class=\"wp-image-1982\" width=\"183\" height=\"121\" srcset=\"https:\/\/futurum-sailing.pl\/wp-content\/uploads\/2020\/04\/2015_Historia_Misia.jpg 1000w, https:\/\/futurum-sailing.pl\/wp-content\/uploads\/2020\/04\/2015_Historia_Misia-300x200.jpg 300w, https:\/\/futurum-sailing.pl\/wp-content\/uploads\/2020\/04\/2015_Historia_Misia-768x512.jpg 768w, https:\/\/futurum-sailing.pl\/wp-content\/uploads\/2020\/04\/2015_Historia_Misia-940x627.jpg 940w, https:\/\/futurum-sailing.pl\/wp-content\/uploads\/2020\/04\/2015_Historia_Misia-600x400.jpg 600w\" sizes=\"auto, (max-width: 183px) 100vw, 183px\" \/><\/figure><\/div>\n<\/div>\n\n\n\n<div class=\"wp-block-column is-layout-flow wp-block-column-is-layout-flow\">\n<p><a href=\"https:\/\/futurum-sailing.pl\/?page_id=713\">Historia pewnego Misia, czyli maj\u00f3wka na s\/y Lady B.<\/a><\/p>\n<\/div>\n<\/div>\n\n\n\n<div class=\"wp-block-columns is-layout-flex wp-container-core-columns-is-layout-9d6595d7 wp-block-columns-is-layout-flex\">\n<div class=\"wp-block-column is-layout-flow wp-block-column-is-layout-flow\">\n<div class=\"wp-block-image\"><figure class=\"alignright size-large is-resized\"><img loading=\"lazy\" decoding=\"async\" src=\"https:\/\/futurum-sailing.pl\/wp-content\/uploads\/2020\/04\/2014_Z-pamietnika.jpg\" alt=\"\" class=\"wp-image-1979\" width=\"186\" height=\"123\" srcset=\"https:\/\/futurum-sailing.pl\/wp-content\/uploads\/2020\/04\/2014_Z-pamietnika.jpg 800w, https:\/\/futurum-sailing.pl\/wp-content\/uploads\/2020\/04\/2014_Z-pamietnika-300x200.jpg 300w, https:\/\/futurum-sailing.pl\/wp-content\/uploads\/2020\/04\/2014_Z-pamietnika-768x512.jpg 768w, https:\/\/futurum-sailing.pl\/wp-content\/uploads\/2020\/04\/2014_Z-pamietnika-600x400.jpg 600w\" sizes=\"auto, (max-width: 186px) 100vw, 186px\" \/><\/figure><\/div>\n<\/div>\n\n\n\n<div class=\"wp-block-column is-layout-flow wp-block-column-is-layout-flow\">\n<p><a href=\"https:\/\/futurum-sailing.pl\/?page_id=845\">Z pami\u0119tnika VII &#8211; XII. 2014\u2026<\/a><\/p>\n<\/div>\n<\/div>\n\n\n\n<p class=\"has-text-align-center\"><strong><span class=\"has-inline-color has-vivid-red-color\">2013<\/span><\/strong><\/p>\n\n\n\n<div class=\"wp-block-columns is-layout-flex wp-container-core-columns-is-layout-9d6595d7 wp-block-columns-is-layout-flex\">\n<div class=\"wp-block-column is-layout-flow wp-block-column-is-layout-flow\">\n<div class=\"wp-block-image\"><figure class=\"alignright size-large is-resized\"><img loading=\"lazy\" decoding=\"async\" src=\"https:\/\/futurum-sailing.pl\/wp-content\/uploads\/2020\/04\/2013_Zawisza-1024x643.jpg\" alt=\"\" class=\"wp-image-1983\" width=\"189\" height=\"119\" srcset=\"https:\/\/futurum-sailing.pl\/wp-content\/uploads\/2020\/04\/2013_Zawisza-1024x643.jpg 1024w, https:\/\/futurum-sailing.pl\/wp-content\/uploads\/2020\/04\/2013_Zawisza-300x188.jpg 300w, https:\/\/futurum-sailing.pl\/wp-content\/uploads\/2020\/04\/2013_Zawisza-768x482.jpg 768w, https:\/\/futurum-sailing.pl\/wp-content\/uploads\/2020\/04\/2013_Zawisza-1536x965.jpg 1536w, https:\/\/futurum-sailing.pl\/wp-content\/uploads\/2020\/04\/2013_Zawisza-2048x1287.jpg 2048w, https:\/\/futurum-sailing.pl\/wp-content\/uploads\/2020\/04\/2013_Zawisza-940x591.jpg 940w, https:\/\/futurum-sailing.pl\/wp-content\/uploads\/2020\/04\/2013_Zawisza-637x400.jpg 637w\" sizes=\"auto, (max-width: 189px) 100vw, 189px\" \/><\/figure><\/div>\n<\/div>\n\n\n\n<div class=\"wp-block-column is-layout-flow wp-block-column-is-layout-flow\">\n<p><a href=\"https:\/\/futurum-sailing.pl\/?page_id=55\">Pierwsze kapitanowanie na \u017caglowcu Zawisza Czarny.<\/a><\/p>\n<\/div>\n<\/div>\n\n\n\n<p class=\"has-text-align-center\"><strong><span class=\"has-inline-color has-vivid-red-color\">inne<\/span><\/strong><\/p>\n\n\n\n<p class=\"has-text-align-center\"><strong><em><a rel=\"noreferrer noopener\" href=\"https:\/\/futurum-sailing.pl\/?p=650\" target=\"_blank\">&#8222;Przewodnik morsko-l\u0105dowy&#8221;<\/a><\/em> czyli s\u0142\u00f3w kilka o miejscach, do kt\u00f3rych wytyczyli\u015bmy nasz kurs. <\/strong> Zapraszam do zapoznania si\u0119 z tre\u015bci\u0105. <\/p>\n","protected":false},"excerpt":{"rendered":"<p>2019 Moja Bitwa o Gotland 2019 \u2013 czyli szybka i dynamiczna \u017cegluga z wiatrem na 5 plus. 2018 Bitwa o Gotland 2018 &#8211; Wa\u017cna jest droga, nie sam cel. Z pami\u0119tnika Pani Kapitan 2018\u2026 &#8222;Cisza&hellip; <a href=\"https:\/\/futurum-sailing.pl\/?page_id=1952\">More<\/a><\/p>\n","protected":false},"author":2,"featured_media":0,"parent":0,"menu_order":0,"comment_status":"closed","ping_status":"closed","template":"","meta":{"footnotes":""},"class_list":["post-1952","page","type-page","status-publish","hentry"],"_links":{"self":[{"href":"https:\/\/futurum-sailing.pl\/index.php?rest_route=\/wp\/v2\/pages\/1952","targetHints":{"allow":["GET"]}}],"collection":[{"href":"https:\/\/futurum-sailing.pl\/index.php?rest_route=\/wp\/v2\/pages"}],"about":[{"href":"https:\/\/futurum-sailing.pl\/index.php?rest_route=\/wp\/v2\/types\/page"}],"author":[{"embeddable":true,"href":"https:\/\/futurum-sailing.pl\/index.php?rest_route=\/wp\/v2\/users\/2"}],"replies":[{"embeddable":true,"href":"https:\/\/futurum-sailing.pl\/index.php?rest_route=%2Fwp%2Fv2%2Fcomments&post=1952"}],"version-history":[{"count":9,"href":"https:\/\/futurum-sailing.pl\/index.php?rest_route=\/wp\/v2\/pages\/1952\/revisions"}],"predecessor-version":[{"id":2145,"href":"https:\/\/futurum-sailing.pl\/index.php?rest_route=\/wp\/v2\/pages\/1952\/revisions\/2145"}],"wp:attachment":[{"href":"https:\/\/futurum-sailing.pl\/index.php?rest_route=%2Fwp%2Fv2%2Fmedia&parent=1952"}],"curies":[{"name":"wp","href":"https:\/\/api.w.org\/{rel}","templated":true}]}}